{"id":400,"date":"2021-09-20T22:07:32","date_gmt":"2021-09-20T20:07:32","guid":{"rendered":"https:\/\/www.discoverkerkennah.com\/?page_id=400"},"modified":"2021-09-20T22:07:32","modified_gmt":"2021-09-20T20:07:32","slug":"long-circuit","status":"publish","type":"page","link":"https:\/\/www.discoverkerkennah.com\/en\/our-tours\/long-circuit\/","title":{"rendered":"Long Circuit"},"content":{"rendered":"","protected":false},"excerpt":{"rendered":"","protected":false},"author":1,"featured_media":0,"parent":391,"menu_order":0,"comment_status":"closed","ping_status":"closed","template":"","meta":{"spay_email":""},"yoast_head":"<!-- This site is optimized with the Yoast SEO plugin v17.7.1 - https:\/\/yoast.com\/wordpress\/plugins\/seo\/ -->\n<title>Long Circuit | Discover Kerkennah<\/title>\n<meta name=\"robots\" content=\"index, follow, max-snippet:-1, max-image-preview:large, max-video-preview:-1\" \/>\n<link rel=\"canonical\" href=\"https:\/\/www.discoverkerkennah.com\/en\/our-tours\/long-circuit\/\" \/>\n<meta property=\"og:locale\" content=\"en_US\" \/>\n<meta property=\"og:type\" content=\"article\" \/>\n<meta property=\"og:title\" content=\"Long Circuit | Discover Kerkennah\" \/>\n<meta property=\"og:url\" content=\"https:\/\/www.discoverkerkennah.com\/en\/our-tours\/long-circuit\/\" \/>\n<meta property=\"og:site_name\" content=\"Discover Kerkennah\" \/>\n<meta name=\"twitter:card\" content=\"summary_large_image\" \/>\n<script type=\"application\/ld+json\" class=\"yoast-schema-graph\">{\"@context\":\"https:\/\/schema.org\",\"@graph\":[{\"@type\":\"WebSite\",\"@id\":\"https:\/\/www.discoverkerkennah.com\/#website\",\"url\":\"https:\/\/www.discoverkerkennah.com\/\",\"name\":\"Discover Kerkennah\",\"description\":\"Install\\u00e9 et homologu\\u00e9 par l&#039;Union Europ\\u00e9enne dans le cadre du projet DEVLOK.\",\"potentialAction\":[{\"@type\":\"SearchAction\",\"target\":{\"@type\":\"EntryPoint\",\"urlTemplate\":\"https:\/\/www.discoverkerkennah.com\/?s={search_term_string}\"},\"query-input\":\"required name=search_term_string\"}],\"inLanguage\":\"en-US\"},{\"@type\":\"WebPage\",\"@id\":\"https:\/\/www.discoverkerkennah.com\/en\/our-tours\/long-circuit\/#webpage\",\"url\":\"https:\/\/www.discoverkerkennah.com\/en\/our-tours\/long-circuit\/\",\"name\":\"Long Circuit | Discover Kerkennah\",\"isPartOf\":{\"@id\":\"https:\/\/www.discoverkerkennah.com\/#website\"},\"datePublished\":\"2021-09-20T20:07:32+00:00\",\"dateModified\":\"2021-09-20T20:07:32+00:00\",\"breadcrumb\":{\"@id\":\"https:\/\/www.discoverkerkennah.com\/en\/our-tours\/long-circuit\/#breadcrumb\"},\"inLanguage\":\"en-US\",\"potentialAction\":[{\"@type\":\"ReadAction\",\"target\":[\"https:\/\/www.discoverkerkennah.com\/en\/our-tours\/long-circuit\/\"]}]},{\"@type\":\"BreadcrumbList\",\"@id\":\"https:\/\/www.discoverkerkennah.com\/en\/our-tours\/long-circuit\/#breadcrumb\",\"itemListElement\":[{\"@type\":\"ListItem\",\"position\":1,\"name\":\"Accueil\",\"item\":\"https:\/\/www.discoverkerkennah.com\/en\/\"},{\"@type\":\"ListItem\",\"position\":2,\"name\":\"Our tours\",\"item\":\"https:\/\/www.discoverkerkennah.com\/en\/our-tours\/\"},{\"@type\":\"ListItem\",\"position\":3,\"name\":\"Long Circuit\"}]}]}<\/script>\n<!-- \/ Yoast SEO plugin. -->","yoast_head_json":{"title":"Long Circuit | Discover Kerkennah","robots":{"index":"index","follow":"follow","max-snippet":"max-snippet:-1","max-image-preview":"max-image-preview:large","max-video-preview":"max-video-preview:-1"},"canonical":"https:\/\/www.discoverkerkennah.com\/en\/our-tours\/long-circuit\/","og_locale":"en_US","og_type":"article","og_title":"Long Circuit | Discover Kerkennah","og_url":"https:\/\/www.discoverkerkennah.com\/en\/our-tours\/long-circuit\/","og_site_name":"Discover Kerkennah","twitter_card":"summary_large_image","schema":{"@context":"https:\/\/schema.org","@graph":[{"@type":"WebSite","@id":"https:\/\/www.discoverkerkennah.com\/#website","url":"https:\/\/www.discoverkerkennah.com\/","name":"Discover Kerkennah","description":"Install\u00e9 et homologu\u00e9 par l&#039;Union Europ\u00e9enne dans le cadre du projet DEVLOK.","potentialAction":[{"@type":"SearchAction","target":{"@type":"EntryPoint","urlTemplate":"https:\/\/www.discoverkerkennah.com\/?s={search_term_string}"},"query-input":"required name=search_term_string"}],"inLanguage":"en-US"},{"@type":"WebPage","@id":"https:\/\/www.discoverkerkennah.com\/en\/our-tours\/long-circuit\/#webpage","url":"https:\/\/www.discoverkerkennah.com\/en\/our-tours\/long-circuit\/","name":"Long Circuit | Discover Kerkennah","isPartOf":{"@id":"https:\/\/www.discoverkerkennah.com\/#website"},"datePublished":"2021-09-20T20:07:32+00:00","dateModified":"2021-09-20T20:07:32+00:00","breadcrumb":{"@id":"https:\/\/www.discoverkerkennah.com\/en\/our-tours\/long-circuit\/#breadcrumb"},"inLanguage":"en-US","potentialAction":[{"@type":"ReadAction","target":["https:\/\/www.discoverkerkennah.com\/en\/our-tours\/long-circuit\/"]}]},{"@type":"BreadcrumbList","@id":"https:\/\/www.discoverkerkennah.com\/en\/our-tours\/long-circuit\/#breadcrumb","itemListElement":[{"@type":"ListItem","position":1,"name":"Accueil","item":"https:\/\/www.discoverkerkennah.com\/en\/"},{"@type":"ListItem","position":2,"name":"Our tours","item":"https:\/\/www.discoverkerkennah.com\/en\/our-tours\/"},{"@type":"ListItem","position":3,"name":"Long Circuit"}]}]}},"_links":{"self":[{"href":"https:\/\/www.discoverkerkennah.com\/en\/wp-json\/wp\/v2\/pages\/400"}],"collection":[{"href":"https:\/\/www.discoverkerkennah.com\/en\/wp-json\/wp\/v2\/pages"}],"about":[{"href":"https:\/\/www.discoverkerkennah.com\/en\/wp-json\/wp\/v2\/types\/page"}],"author":[{"embeddable":true,"href":"https:\/\/www.discoverkerkennah.com\/en\/wp-json\/wp\/v2\/users\/1"}],"replies":[{"embeddable":true,"href":"https:\/\/www.discoverkerkennah.com\/en\/wp-json\/wp\/v2\/comments?post=400"}],"version-history":[{"count":2,"href":"https:\/\/www.discoverkerkennah.com\/en\/wp-json\/wp\/v2\/pages\/400\/revisions"}],"predecessor-version":[{"id":402,"href":"https:\/\/www.discoverkerkennah.com\/en\/wp-json\/wp\/v2\/pages\/400\/revisions\/402"}],"up":[{"embeddable":true,"href":"https:\/\/www.discoverkerkennah.com\/en\/wp-json\/wp\/v2\/pages\/391"}],"wp:attachment":[{"href":"https:\/\/www.discoverkerkennah.com\/en\/wp-json\/wp\/v2\/media?parent=400"}],"curies":[{"name":"wp","href":"https:\/\/api.w.org\/{rel}","templated":true}]}}