{"id":391,"date":"2021-09-20T21:56:19","date_gmt":"2021-09-20T19:56:19","guid":{"rendered":"https:\/\/www.discoverkerkennah.com\/?page_id=391"},"modified":"2022-10-13T16:33:04","modified_gmt":"2022-10-13T14:33:04","slug":"our-tours","status":"publish","type":"page","link":"https:\/\/www.discoverkerkennah.com\/en\/our-tours\/","title":{"rendered":"Our tours"},"content":{"rendered":"","protected":false},"excerpt":{"rendered":"","protected":false},"author":1,"featured_media":0,"parent":0,"menu_order":0,"comment_status":"closed","ping_status":"closed","template":"","meta":{"spay_email":""},"yoast_head":"<!-- This site is optimized with the Yoast SEO plugin v17.7.1 - https:\/\/yoast.com\/wordpress\/plugins\/seo\/ -->\n<title>Cycling tours in Tunisia | Discover Kerkennah<\/title>\n<meta name=\"description\" content=\"Discover Kerkennah offers you cycle paths, namely the discovery, endurance and sports circuit. Explore Kerkennah differently with a bike.\" \/>\n<meta name=\"robots\" content=\"index, follow, max-snippet:-1, max-image-preview:large, max-video-preview:-1\" \/>\n<link rel=\"canonical\" href=\"https:\/\/www.discoverkerkennah.com\/en\/our-tours\/\" \/>\n<meta property=\"og:locale\" content=\"en_US\" \/>\n<meta property=\"og:type\" content=\"article\" \/>\n<meta property=\"og:title\" content=\"Cycling tours in Tunisia | Discover Kerkennah\" \/>\n<meta property=\"og:description\" content=\"Discover Kerkennah offers you cycle paths, namely the discovery, endurance and sports circuit. Explore Kerkennah differently with a bike.\" \/>\n<meta property=\"og:url\" content=\"https:\/\/www.discoverkerkennah.com\/en\/our-tours\/\" \/>\n<meta property=\"og:site_name\" content=\"Discover Kerkennah\" \/>\n<meta property=\"article:modified_time\" content=\"2022-10-13T14:33:04+00:00\" \/>\n<meta name=\"twitter:card\" content=\"summary_large_image\" \/>\n<script type=\"application\/ld+json\" class=\"yoast-schema-graph\">{\"@context\":\"https:\/\/schema.org\",\"@graph\":[{\"@type\":\"WebSite\",\"@id\":\"https:\/\/www.discoverkerkennah.com\/#website\",\"url\":\"https:\/\/www.discoverkerkennah.com\/\",\"name\":\"Discover Kerkennah\",\"description\":\"Install\\u00e9 et homologu\\u00e9 par l&#039;Union Europ\\u00e9enne dans le cadre du projet DEVLOK.\",\"potentialAction\":[{\"@type\":\"SearchAction\",\"target\":{\"@type\":\"EntryPoint\",\"urlTemplate\":\"https:\/\/www.discoverkerkennah.com\/?s={search_term_string}\"},\"query-input\":\"required name=search_term_string\"}],\"inLanguage\":\"en-US\"},{\"@type\":\"WebPage\",\"@id\":\"https:\/\/www.discoverkerkennah.com\/en\/our-tours\/#webpage\",\"url\":\"https:\/\/www.discoverkerkennah.com\/en\/our-tours\/\",\"name\":\"Cycling tours in Tunisia | Discover Kerkennah\",\"isPartOf\":{\"@id\":\"https:\/\/www.discoverkerkennah.com\/#website\"},\"datePublished\":\"2021-09-20T19:56:19+00:00\",\"dateModified\":\"2022-10-13T14:33:04+00:00\",\"description\":\"Discover Kerkennah offers you cycle paths, namely the discovery, endurance and sports circuit. Explore Kerkennah differently with a bike.\",\"breadcrumb\":{\"@id\":\"https:\/\/www.discoverkerkennah.com\/en\/our-tours\/#breadcrumb\"},\"inLanguage\":\"en-US\",\"potentialAction\":[{\"@type\":\"ReadAction\",\"target\":[\"https:\/\/www.discoverkerkennah.com\/en\/our-tours\/\"]}]},{\"@type\":\"BreadcrumbList\",\"@id\":\"https:\/\/www.discoverkerkennah.com\/en\/our-tours\/#breadcrumb\",\"itemListElement\":[{\"@type\":\"ListItem\",\"position\":1,\"name\":\"Accueil\",\"item\":\"https:\/\/www.discoverkerkennah.com\/en\/\"},{\"@type\":\"ListItem\",\"position\":2,\"name\":\"Our tours\"}]}]}<\/script>\n<!-- \/ Yoast SEO plugin. -->","yoast_head_json":{"title":"Cycling tours in Tunisia | Discover Kerkennah","description":"Discover Kerkennah offers you cycle paths, namely the discovery, endurance and sports circuit. Explore Kerkennah differently with a bike.","robots":{"index":"index","follow":"follow","max-snippet":"max-snippet:-1","max-image-preview":"max-image-preview:large","max-video-preview":"max-video-preview:-1"},"canonical":"https:\/\/www.discoverkerkennah.com\/en\/our-tours\/","og_locale":"en_US","og_type":"article","og_title":"Cycling tours in Tunisia | Discover Kerkennah","og_description":"Discover Kerkennah offers you cycle paths, namely the discovery, endurance and sports circuit. Explore Kerkennah differently with a bike.","og_url":"https:\/\/www.discoverkerkennah.com\/en\/our-tours\/","og_site_name":"Discover Kerkennah","article_modified_time":"2022-10-13T14:33:04+00:00","twitter_card":"summary_large_image","schema":{"@context":"https:\/\/schema.org","@graph":[{"@type":"WebSite","@id":"https:\/\/www.discoverkerkennah.com\/#website","url":"https:\/\/www.discoverkerkennah.com\/","name":"Discover Kerkennah","description":"Install\u00e9 et homologu\u00e9 par l&#039;Union Europ\u00e9enne dans le cadre du projet DEVLOK.","potentialAction":[{"@type":"SearchAction","target":{"@type":"EntryPoint","urlTemplate":"https:\/\/www.discoverkerkennah.com\/?s={search_term_string}"},"query-input":"required name=search_term_string"}],"inLanguage":"en-US"},{"@type":"WebPage","@id":"https:\/\/www.discoverkerkennah.com\/en\/our-tours\/#webpage","url":"https:\/\/www.discoverkerkennah.com\/en\/our-tours\/","name":"Cycling tours in Tunisia | Discover Kerkennah","isPartOf":{"@id":"https:\/\/www.discoverkerkennah.com\/#website"},"datePublished":"2021-09-20T19:56:19+00:00","dateModified":"2022-10-13T14:33:04+00:00","description":"Discover Kerkennah offers you cycle paths, namely the discovery, endurance and sports circuit. Explore Kerkennah differently with a bike.","breadcrumb":{"@id":"https:\/\/www.discoverkerkennah.com\/en\/our-tours\/#breadcrumb"},"inLanguage":"en-US","potentialAction":[{"@type":"ReadAction","target":["https:\/\/www.discoverkerkennah.com\/en\/our-tours\/"]}]},{"@type":"BreadcrumbList","@id":"https:\/\/www.discoverkerkennah.com\/en\/our-tours\/#breadcrumb","itemListElement":[{"@type":"ListItem","position":1,"name":"Accueil","item":"https:\/\/www.discoverkerkennah.com\/en\/"},{"@type":"ListItem","position":2,"name":"Our tours"}]}]}},"_links":{"self":[{"href":"https:\/\/www.discoverkerkennah.com\/en\/wp-json\/wp\/v2\/pages\/391"}],"collection":[{"href":"https:\/\/www.discoverkerkennah.com\/en\/wp-json\/wp\/v2\/pages"}],"about":[{"href":"https:\/\/www.discoverkerkennah.com\/en\/wp-json\/wp\/v2\/types\/page"}],"author":[{"embeddable":true,"href":"https:\/\/www.discoverkerkennah.com\/en\/wp-json\/wp\/v2\/users\/1"}],"replies":[{"embeddable":true,"href":"https:\/\/www.discoverkerkennah.com\/en\/wp-json\/wp\/v2\/comments?post=391"}],"version-history":[{"count":2,"href":"https:\/\/www.discoverkerkennah.com\/en\/wp-json\/wp\/v2\/pages\/391\/revisions"}],"predecessor-version":[{"id":393,"href":"https:\/\/www.discoverkerkennah.com\/en\/wp-json\/wp\/v2\/pages\/391\/revisions\/393"}],"wp:attachment":[{"href":"https:\/\/www.discoverkerkennah.com\/en\/wp-json\/wp\/v2\/media?parent=391"}],"curies":[{"name":"wp","href":"https:\/\/api.w.org\/{rel}","templated":true}]}}